{"id":3470,"date":"2021-03-01T12:42:56","date_gmt":"2021-03-01T12:42:56","guid":{"rendered":"https:\/\/esegurocorretora.com.br\/?page_id=3470"},"modified":"2021-03-31T20:45:58","modified_gmt":"2021-03-31T20:45:58","slug":"seguro-vida","status":"publish","type":"page","link":"https:\/\/esegurocorretora.com.br\/sanglard\/seguro-vida\/","title":{"rendered":"Vida"},"content":{"rendered":"<p>[vc_section full_width=&#8221;stretch_row&#8221; css=&#8221;.vc_custom_1614282246706{margin-top: 0px !important;margin-bottom: 0px !important;padding-top: 100px !important;padding-bottom: 30px !important;background-color: #faf7f7 !important;}&#8221;][vc_row full_width=&#8221;stretch_row&#8221; css=&#8221;.vc_custom_1521789639167{margin-top: 0px !important;margin-bottom: 0px !important;padding-top: 0px !important;padding-bottom: 0px !important;}&#8221;][vc_column][vc_custom_heading text=&#8221;Fa\u00e7a sua cota\u00e7\u00e3o Online agora !&#8221; font_container=&#8221;tag:h3|font_size:40px|text_align:center|color:%233b3b3a|line_height:50px&#8221; use_theme_fonts=&#8221;yes&#8221; css_animation=&#8221;bottom-to-top&#8221; el_class=&#8221;font-weight-bold&#8221; css=&#8221;.vc_custom_1614600420482{margin-top: 0px !important;margin-bottom: 0px !important;padding-top: 0px !important;padding-bottom: 20px !important;}&#8221;][vc_custom_heading text=&#8221;Fa\u00e7a sua cota\u00e7\u00e3o de forma simples preenchendo as informa\u00e7\u00f5es abaixo&#8221; font_container=&#8221;tag:p|font_size:16px|text_align:center|color:%233b3b3a|line_height:28px&#8221; use_theme_fonts=&#8221;yes&#8221; css_animation=&#8221;bottom-to-top&#8221; css=&#8221;.vc_custom_1614600444340{margin-bottom: 0px !important;padding-bottom: 34px !important;}&#8221;][\/vc_column][\/vc_row][\/vc_section][vc_row][vc_column][vc_column_text]<iframe loading=\"lazy\" src=\"https:\/\/benscorretagem.corretagemfacil-app.com.br\/outros_ramos\/vida\/new?filial=42375\" width=\"100%\" height=\"2600\" frameborder=\"0\" allowfullscreen=\"allowfullscreen\"><span data-mce-type=\"bookmark\" style=\"display: inline-block; width: 0px; overflow: hidden; line-height: 0;\" class=\"mce_SELRES_start\">\ufeff<\/span><span data-mce-type=\"bookmark\" style=\"display: inline-block; width: 0px; overflow: hidden; line-height: 0;\" class=\"mce_SELRES_start\">\ufeff<\/span><span data-mce-type=\"bookmark\" style=\"display: inline-block; width: 0px; overflow: hidden; line-height: 0;\" class=\"mce_SELRES_start\">\ufeff<\/span><span data-mce-type=\"bookmark\" style=\"display: inline-block; width: 0px; overflow: hidden; line-height: 0;\" class=\"mce_SELRES_start\">\ufeff<\/span><span data-mce-type=\"bookmark\" style=\"display: inline-block; width: 0px; overflow: hidden; line-height: 0;\" class=\"mce_SELRES_start\">\ufeff<\/span><\/iframe>[\/vc_column_text][\/vc_column][\/vc_row]<\/p>\n","protected":false},"excerpt":{"rendered":"<p>[vc_section full_width=&#8221;stretch_row&#8221; css=&#8221;.vc_custom_1614282246706{margin-top: 0px !important;margin-bottom: 0px !important;padding-top: 100px !important;padding-bottom: 30px !important;background-color: #faf7f7 !important;}&#8221;][vc_row full_width=&#8221;stretch_row&#8221; css=&#8221;.vc_custom_1521789639167{margin-top: 0px !important;margin-bottom: 0px !important;padding-top: 0px !important;padding-bottom: 0px !important;}&#8221;][vc_column][vc_custom_heading text=&#8221;Fa\u00e7a sua cota\u00e7\u00e3o Online agora !&#8221; font_container=&#8221;tag:h3|font_size:40px|text_align:center|color:%233b3b3a|line_height:50px&#8221; use_theme_fonts=&#8221;yes&#8221; css_animation=&#8221;bottom-to-top&#8221; el_class=&#8221;font-weight-bold&#8221; css=&#8221;.vc_custom_1614600420482{margin-top: 0px !important;margin-bottom: 0px !important;padding-top: 0px !important;padding-bottom: 20px !important;}&#8221;][vc_custom_heading text=&#8221;Fa\u00e7a sua cota\u00e7\u00e3o de forma simples preenchendo as informa\u00e7\u00f5es abaixo&#8221; font_container=&#8221;tag:p|font_size:16px|text_align:center|color:%233b3b3a|line_height:28px&#8221; use_theme_fonts=&#8221;yes&#8221; css_animation=&#8221;bottom-to-top&#8221; [&hellip;]<\/p>\n","protected":false},"author":1,"featured_media":0,"parent":0,"menu_order":0,"comment_status":"closed","ping_status":"closed","template":"","meta":{"footnotes":""},"class_list":["post-3470","page","type-page","status-publish","hentry"],"_links":{"self":[{"href":"https:\/\/esegurocorretora.com.br\/sanglard\/wp-json\/wp\/v2\/pages\/3470","targetHints":{"allow":["GET"]}}],"collection":[{"href":"https:\/\/esegurocorretora.com.br\/sanglard\/wp-json\/wp\/v2\/pages"}],"about":[{"href":"https:\/\/esegurocorretora.com.br\/sanglard\/wp-json\/wp\/v2\/types\/page"}],"author":[{"embeddable":true,"href":"https:\/\/esegurocorretora.com.br\/sanglard\/wp-json\/wp\/v2\/users\/1"}],"replies":[{"embeddable":true,"href":"https:\/\/esegurocorretora.com.br\/sanglard\/wp-json\/wp\/v2\/comments?post=3470"}],"version-history":[{"count":1,"href":"https:\/\/esegurocorretora.com.br\/sanglard\/wp-json\/wp\/v2\/pages\/3470\/revisions"}],"predecessor-version":[{"id":3727,"href":"https:\/\/esegurocorretora.com.br\/sanglard\/wp-json\/wp\/v2\/pages\/3470\/revisions\/3727"}],"wp:attachment":[{"href":"https:\/\/esegurocorretora.com.br\/sanglard\/wp-json\/wp\/v2\/media?parent=3470"}],"curies":[{"name":"wp","href":"https:\/\/api.w.org\/{rel}","templated":true}]}}